{"id":113,"date":"2019-04-14T23:51:31","date_gmt":"2019-04-14T21:51:31","guid":{"rendered":"http:\/\/lueco-messebau.de\/_cms\/?page_id=113"},"modified":"2019-06-16T15:39:30","modified_gmt":"2019-06-16T13:39:30","slug":"impressum","status":"publish","type":"page","link":"https:\/\/lueco-messebau.de\/EN\/impressum\/","title":{"rendered":"Impressum"},"content":{"rendered":"<p>[et_pb_section fb_built=&#8220;1&#8243; admin_label=&#8220;section&#8220; _builder_version=&#8220;3.22.3&#8243;][et_pb_row admin_label=&#8220;row&#8220; _builder_version=&#8220;3.22.3&#8243; background_size=&#8220;initial&#8220; background_position=&#8220;top_left&#8220; background_repeat=&#8220;repeat&#8220;][et_pb_column type=&#8220;4_4&#8243; _builder_version=&#8220;3.0.47&#8243;][et_pb_text admin_label=&#8220;Text&#8220; _builder_version=&#8220;3.24.1&#8243; text_font=&#8220;OpenSans-Regular||||||||&#8220; text_font_size=&#8220;16px&#8220; header_font=&#8220;||||||||&#8220; header_4_font=&#8220;OpenSans-Bold||||||||&#8220; header_4_font_size=&#8220;20px&#8220; background_size=&#8220;initial&#8220; background_position=&#8220;top_left&#8220; background_repeat=&#8220;repeat&#8220;]<\/p>\n<p><span>L\u00dcCO Internationaler Messebau S\u00fcd-West GmbH<br \/> Johann-Vaillant-Strasse 1-3 \u00b7 D \u2013 40721 Hilden \u00b7 Phone 02103-9874-0 \u00b7 Fax 02103-9874-22<br \/> www.lueco-messebau.de \u00b7\u00a0<a href=\"mailto:%20post@lueco-messebau.de\">post@lueco-messebau.de<\/a><\/span><\/p>\n<p>Managing Director: Thorsten Bunge<br \/><span><\/span><\/p>\n<p>Amtsgericht D\u00fcsseldorf HRB 46088<br \/><span><\/span><\/p>\n<p><span> VAT Identification number in accordance with section 27a German VAT Act (Umsatzsteuergesetz): DE 134850247<br \/> Tax number FA Hilden: 135\/5745\/0189<br \/> Responsibility for contents according to 6\u00a0<b>MDStV<\/b>: Thorsten Bunge<\/span><\/p>\n<h4><b>Disclaimer:<\/b><br \/><span><\/span><\/h4>\n<p><span>Despite careful content control, we assume no liability for the content of external links.<br \/> The operators of the linked pages are solely responsible for their content.<\/span><\/p>\n<h4><b>Legal notice:<\/b><\/h4>\n<p><span>According to section 22 of the law concerning copyright in works of fine arts and photography (KUG), portraits may only be publicly exhibited with the consent of the persons depicted. The domain owner has been granted the exclusive right of use for all photos depicted here. The domain owner also has the exclusive right to use the website in accordance with section 31 subsection 3 UrhG. If the exploitation right granted to the domain holder under the German Copyright Act (UrhG) or the KUG is violated unlawfully, a fine or imprisonment of up to one year must be expected, section 97 subsection 1 UrhG, section 33 KUG. All aforementioned violations known to the domain holder will be reported. No part of the publication of this website may be reproduced in any form or processed, duplicated or distributed using electronic systems without the explicit written permission of Thorsten Bunge. All other actions require the prior written consent of Thorsten Bunge. Violations will be pursued after juridical acknowledgment with an announcement because of an offence against the copyright law.<\/span><\/p>\n<h4><b>designed by:<\/b><br \/><span><\/span><\/h4>\n<p><span>L\u00dcCO Internationaler Messebau S\u00fcd-West GmbH<br \/> Thorsten Bunge<\/span><\/p>\n<p>[\/et_pb_text][\/et_pb_column][\/et_pb_row][\/et_pb_section]<\/p>\n","protected":false},"excerpt":{"rendered":"<p>L\u00dcCO Internationaler Messebau S\u00fcd-West GmbH Johann-Vaillant-Strasse 1-3 \u00b7 D \u2013 40721 Hilden \u00b7 Phone 02103-9874-0 \u00b7 Fax 02103-9874-22 www.lueco-messebau.de \u00b7\u00a0post@lueco-messebau.de Managing Director: Thorsten Bunge Amtsgericht D\u00fcsseldorf HRB 46088 VAT Identification number in accordance with section 27a German VAT Act (Umsatzsteuergesetz): DE 134850247 Tax number FA Hilden: 135\/5745\/0189 Responsibility for contents according to 6\u00a0MDStV: Thorsten Bunge [&hellip;]<\/p>\n","protected":false},"author":1,"featured_media":0,"parent":0,"menu_order":99,"comment_status":"closed","ping_status":"closed","template":"","meta":{"_et_pb_use_builder":"on","_et_pb_old_content":"<!-- wp:paragraph -->\n<p>L\u00dcCO Internationaler Messebau S\u00fcd-West GmbH&nbsp;<br>Johann-Vaillant-Strasse 1-3 \u00b7 D - 40721 Hilden \u00b7 Telefon 02103-9874-0 \u00b7 Telefax 02103-9874-22<br>www.lueco-messebau.de \u00b7&nbsp;<a href=\"mailto:%20post@lueco-messebau.de\">post@lueco-messebau.de<\/a><\/p>\n<!-- \/wp:paragraph -->\n\n<!-- wp:paragraph -->\n<p>Gesch\u00e4ftsf\u00fchrer: Thorsten Bunge<\/p>\n<!-- \/wp:paragraph -->\n\n<!-- wp:paragraph -->\n<p>Amtsgericht D\u00fcsseldorf HRB 46088&nbsp;<br>Umsatzsteuer-Identifikationsnummer gem\u00e4\u00df \u00a7 27 a Umsatzsteuergesetz: DE 134850247<br>Steuernummer FA Hilden: 135\/5745\/0189<br>Verantwortlich i. S. v. \u00a7 6 Medienstaatsvertrag (MDStV): Thorsten Bunge<\/p>\n<!-- \/wp:paragraph -->\n\n<!-- wp:paragraph -->\n<p><strong>Haftungshinweis:<\/strong><br>Trotz sorgf\u00e4ltiger inhaltlicher Kontrolle \u00fcbernehmen wir keine Haftung f\u00fcr die Inhalte externer Links.<br>F\u00fcr den Inhalt der verlinkten Seiten sind ausschlie\u00dflich deren Betreiber verantwortlich.<\/p>\n<!-- \/wp:paragraph -->\n\n<!-- wp:paragraph -->\n<p><strong>Rechtshinweis:<\/strong><br>Laut \u00a7 22 des Gesetz betreffend das Urheberrecht an Werken der bildenden K\u00fcnste und der Photographie (KUG) d\u00fcrfen Bildnisse nur mit der Einwilligung der abgebildeten Personen \u00f6ffentlich zur Schau gestellt werden. F\u00fcr alle hier abgebildeten Fotos ist dem Domaininhaber das ausschlie\u00dfliche Nutzungsrecht einger\u00e4umt worden. Ebenso hat der Domaininhaber das ausschlie\u00dfliche Nutzungsrecht nach \u00a7 31 Abs. 3 UrhG an der Website. Wird widerrechtlich das dem Domaininhaber einger\u00e4umte Verwertungsrecht aus dem UrhG oder dem KUG verletzt, muss mit Geldstrafe oder mit Freiheitsstrafe bis zu einem Jahr rechnen, \u00a7 97 Abs. 1 UrhG, \u00a7 33 KUG. Alle dem Domaininhaber bekannten vorbenannten Verletzungen werden zur Anzeige gebracht. Kein Teil der Publikation dieser Website, darf ohne ausdr\u00fcckliche schriftliche Genehmigung von Thorsten Bunge in irgendeiner Form reproduziert oder unter Verwendung elektronischer Systeme verarbeitet, vervielf\u00e4ltigt oder verbreitet werden. Alle dar\u00fcber hinausgehende Handlungen bed\u00fcrfen einer vorherigen schriftlichen Zustimmung durch Thorsten Bunge. Verst\u00f6\u00dfe werden nach rechtlicher W\u00fcrdigung mit einer Anzeige wegen eines Verstosses gegen das Urheberrechtsgesetz verfolgt.<\/p>\n<!-- \/wp:paragraph -->\n\n<!-- wp:paragraph -->\n<p><strong>designed by:<\/strong><br>L\u00dcCO Internationaler Messebau S\u00fcd-West GmbH&nbsp;<br>Thorsten Bunge<\/p>\n<!-- \/wp:paragraph -->","_et_gb_content_width":"","footnotes":""},"class_list":["post-113","page","type-page","status-publish","hentry"],"_links":{"self":[{"href":"https:\/\/lueco-messebau.de\/EN\/wp-json\/wp\/v2\/pages\/113","targetHints":{"allow":["GET"]}}],"collection":[{"href":"https:\/\/lueco-messebau.de\/EN\/wp-json\/wp\/v2\/pages"}],"about":[{"href":"https:\/\/lueco-messebau.de\/EN\/wp-json\/wp\/v2\/types\/page"}],"author":[{"embeddable":true,"href":"https:\/\/lueco-messebau.de\/EN\/wp-json\/wp\/v2\/users\/1"}],"replies":[{"embeddable":true,"href":"https:\/\/lueco-messebau.de\/EN\/wp-json\/wp\/v2\/comments?post=113"}],"version-history":[{"count":5,"href":"https:\/\/lueco-messebau.de\/EN\/wp-json\/wp\/v2\/pages\/113\/revisions"}],"predecessor-version":[{"id":1524,"href":"https:\/\/lueco-messebau.de\/EN\/wp-json\/wp\/v2\/pages\/113\/revisions\/1524"}],"wp:attachment":[{"href":"https:\/\/lueco-messebau.de\/EN\/wp-json\/wp\/v2\/media?parent=113"}],"curies":[{"name":"wp","href":"https:\/\/api.w.org\/{rel}","templated":true}]}}